{"id":21,"date":"2024-01-05T14:44:50","date_gmt":"2024-01-05T13:44:50","guid":{"rendered":"https:\/\/gadgetslab.de\/?page_id=21"},"modified":"2024-01-05T14:54:49","modified_gmt":"2024-01-05T13:54:49","slug":"impressum","status":"publish","type":"page","link":"https:\/\/gadgetslab.de\/index.php\/impressum\/","title":{"rendered":"Impressum"},"content":{"rendered":"\n<h2 class=\"wp-block-heading\">Angaben gem\u00e4\u00df \u00a7 5 TMG<\/h2>\n\n\n\n<p>Florian Wiedemann<br>flowi-media.de<br>c\/o Block Services<br>Stuttgarter Str. 106<br>70736 Fellbach<br>Deutschland<\/p>\n\n\n\n<h2 class=\"wp-block-heading\">Kontakt<\/h2>\n\n\n\n<p>Telefon: +49 1777757531 (kein Support)<br>WhatsApp: &nbsp;<a href=\"https:\/\/wa.me\/4915732283017\">+49 157 32283017<\/a><br>E-Mail: kontakt@flowi-media.de<\/p>\n\n\n\n<p>Bitte nutze f\u00fcr Support-Anfragen unsere&nbsp;<strong>E-Mail-Adresse<\/strong>&nbsp;oder&nbsp;<strong>WhatsApp<\/strong>. Telefonische Anfragen k\u00f6nnen aus zeitlichen Gr\u00fcnden leider&nbsp;<strong>nicht&nbsp;<\/strong>entgegengenommen werden!<\/p>\n\n\n\n<h2 class=\"wp-block-heading\">Umsatzsteuer-ID<\/h2>\n\n\n\n<p>Umsatzsteuer-Identifikationsnummer gem\u00e4\u00df \u00a7 27 a Umsatzsteuergesetz:<br>DE311696361<\/p>\n\n\n\n<p>Quelle:&nbsp;<a href=\"https:\/\/www.e-recht24.de\/\">e-recht24.de<\/a><\/p>\n","protected":false},"excerpt":{"rendered":"<div class=\"mh-excerpt\"><p>Angaben gem\u00e4\u00df \u00a7 5 TMG Florian Wiedemannflowi-media.dec\/o Block ServicesStuttgarter Str. 10670736 FellbachDeutschland Kontakt Telefon: +49 1777757531 (kein Support)WhatsApp: &nbsp;+49 157 32283017E-Mail: kontakt@flowi-media.de Bitte nutze f\u00fcr Support-Anfragen unsere&nbsp;E-Mail-Adresse&nbsp;oder&nbsp;WhatsApp. Telefonische Anfragen k\u00f6nnen aus zeitlichen Gr\u00fcnden leider&nbsp;nicht&nbsp;entgegengenommen werden! <a class=\"mh-excerpt-more\" href=\"https:\/\/gadgetslab.de\/index.php\/impressum\/\" title=\"Impressum\">[&#8230;]<\/a><\/p>\n<\/div>","protected":false},"author":1,"featured_media":0,"parent":0,"menu_order":0,"comment_status":"closed","ping_status":"closed","template":"","meta":{"_kad_blocks_custom_css":"","_kad_blocks_head_custom_js":"","_kad_blocks_body_custom_js":"","_kad_blocks_footer_custom_js":"","footnotes":""},"yoast_head":"<!-- This site is optimized with the Yoast SEO plugin v21.7 - https:\/\/yoast.com\/wordpress\/plugins\/seo\/ -->\n<title>Impressum - Gadgetslab DE<\/title>\n<meta name=\"robots\" content=\"noindex, nofollow\" \/>\n<meta property=\"og:locale\" content=\"en_US\" \/>\n<meta property=\"og:type\" content=\"article\" \/>\n<meta property=\"og:title\" content=\"Impressum - Gadgetslab DE\" \/>\n<meta property=\"og:description\" content=\"Angaben gem\u00e4\u00df \u00a7 5 TMG Florian Wiedemannflowi-media.dec\/o Block ServicesStuttgarter Str. 10670736 FellbachDeutschland Kontakt Telefon: +49 1777757531 (kein Support)WhatsApp: &nbsp;+49 157 32283017E-Mail: kontakt@flowi-media.de Bitte nutze f\u00fcr Support-Anfragen unsere&nbsp;E-Mail-Adresse&nbsp;oder&nbsp;WhatsApp. Telefonische Anfragen k\u00f6nnen aus zeitlichen Gr\u00fcnden leider&nbsp;nicht&nbsp;entgegengenommen werden! [...]\" \/>\n<meta property=\"og:url\" content=\"https:\/\/gadgetslab.de\/index.php\/impressum\/\" \/>\n<meta property=\"og:site_name\" content=\"Gadgetslab DE\" \/>\n<meta property=\"article:modified_time\" content=\"2024-01-05T13:54:49+00:00\" \/>\n<meta name=\"twitter:card\" content=\"summary_large_image\" \/>\n<meta name=\"twitter:label1\" content=\"Est. reading time\" \/>\n\t<meta name=\"twitter:data1\" content=\"1 minute\" \/>\n<script type=\"application\/ld+json\" class=\"yoast-schema-graph\">{\"@context\":\"https:\/\/schema.org\",\"@graph\":[{\"@type\":\"WebPage\",\"@id\":\"https:\/\/gadgetslab.de\/index.php\/impressum\/\",\"url\":\"https:\/\/gadgetslab.de\/index.php\/impressum\/\",\"name\":\"Impressum - Gadgetslab DE\",\"isPartOf\":{\"@id\":\"https:\/\/gadgetslab.de\/#website\"},\"datePublished\":\"2024-01-05T13:44:50+00:00\",\"dateModified\":\"2024-01-05T13:54:49+00:00\",\"breadcrumb\":{\"@id\":\"https:\/\/gadgetslab.de\/index.php\/impressum\/#breadcrumb\"},\"inLanguage\":\"en-US\",\"potentialAction\":[{\"@type\":\"ReadAction\",\"target\":[\"https:\/\/gadgetslab.de\/index.php\/impressum\/\"]}]},{\"@type\":\"BreadcrumbList\",\"@id\":\"https:\/\/gadgetslab.de\/index.php\/impressum\/#breadcrumb\",\"itemListElement\":[{\"@type\":\"ListItem\",\"position\":1,\"name\":\"Startseite\",\"item\":\"https:\/\/gadgetslab.de\/\"},{\"@type\":\"ListItem\",\"position\":2,\"name\":\"Impressum\"}]},{\"@type\":\"WebSite\",\"@id\":\"https:\/\/gadgetslab.de\/#website\",\"url\":\"https:\/\/gadgetslab.de\/\",\"name\":\"Gadgetslab DE\",\"description\":\"\",\"publisher\":{\"@id\":\"https:\/\/gadgetslab.de\/#organization\"},\"potentialAction\":[{\"@type\":\"SearchAction\",\"target\":{\"@type\":\"EntryPoint\",\"urlTemplate\":\"https:\/\/gadgetslab.de\/?s={search_term_string}\"},\"query-input\":\"required name=search_term_string\"}],\"inLanguage\":\"en-US\"},{\"@type\":\"Organization\",\"@id\":\"https:\/\/gadgetslab.de\/#organization\",\"name\":\"Gadgetslab DE\",\"url\":\"https:\/\/gadgetslab.de\/\",\"logo\":{\"@type\":\"ImageObject\",\"inLanguage\":\"en-US\",\"@id\":\"https:\/\/gadgetslab.de\/#\/schema\/logo\/image\/\",\"url\":\"https:\/\/gadgetslab.de\/wp-content\/uploads\/2024\/01\/cropped-657465ec37c3869e4634b7cad8383bf8.png\",\"contentUrl\":\"https:\/\/gadgetslab.de\/wp-content\/uploads\/2024\/01\/cropped-657465ec37c3869e4634b7cad8383bf8.png\",\"width\":311,\"height\":251,\"caption\":\"Gadgetslab DE\"},\"image\":{\"@id\":\"https:\/\/gadgetslab.de\/#\/schema\/logo\/image\/\"}}]}<\/script>\n<!-- \/ Yoast SEO plugin. -->","yoast_head_json":{"title":"Impressum - Gadgetslab DE","robots":{"index":"noindex","follow":"nofollow"},"og_locale":"en_US","og_type":"article","og_title":"Impressum - Gadgetslab DE","og_description":"Angaben gem\u00e4\u00df \u00a7 5 TMG Florian Wiedemannflowi-media.dec\/o Block ServicesStuttgarter Str. 10670736 FellbachDeutschland Kontakt Telefon: +49 1777757531 (kein Support)WhatsApp: &nbsp;+49 157 32283017E-Mail: kontakt@flowi-media.de Bitte nutze f\u00fcr Support-Anfragen unsere&nbsp;E-Mail-Adresse&nbsp;oder&nbsp;WhatsApp. Telefonische Anfragen k\u00f6nnen aus zeitlichen Gr\u00fcnden leider&nbsp;nicht&nbsp;entgegengenommen werden! [...]","og_url":"https:\/\/gadgetslab.de\/index.php\/impressum\/","og_site_name":"Gadgetslab DE","article_modified_time":"2024-01-05T13:54:49+00:00","twitter_card":"summary_large_image","twitter_misc":{"Est. reading time":"1 minute"},"schema":{"@context":"https:\/\/schema.org","@graph":[{"@type":"WebPage","@id":"https:\/\/gadgetslab.de\/index.php\/impressum\/","url":"https:\/\/gadgetslab.de\/index.php\/impressum\/","name":"Impressum - Gadgetslab DE","isPartOf":{"@id":"https:\/\/gadgetslab.de\/#website"},"datePublished":"2024-01-05T13:44:50+00:00","dateModified":"2024-01-05T13:54:49+00:00","breadcrumb":{"@id":"https:\/\/gadgetslab.de\/index.php\/impressum\/#breadcrumb"},"inLanguage":"en-US","potentialAction":[{"@type":"ReadAction","target":["https:\/\/gadgetslab.de\/index.php\/impressum\/"]}]},{"@type":"BreadcrumbList","@id":"https:\/\/gadgetslab.de\/index.php\/impressum\/#breadcrumb","itemListElement":[{"@type":"ListItem","position":1,"name":"Startseite","item":"https:\/\/gadgetslab.de\/"},{"@type":"ListItem","position":2,"name":"Impressum"}]},{"@type":"WebSite","@id":"https:\/\/gadgetslab.de\/#website","url":"https:\/\/gadgetslab.de\/","name":"Gadgetslab DE","description":"","publisher":{"@id":"https:\/\/gadgetslab.de\/#organization"},"potentialAction":[{"@type":"SearchAction","target":{"@type":"EntryPoint","urlTemplate":"https:\/\/gadgetslab.de\/?s={search_term_string}"},"query-input":"required name=search_term_string"}],"inLanguage":"en-US"},{"@type":"Organization","@id":"https:\/\/gadgetslab.de\/#organization","name":"Gadgetslab DE","url":"https:\/\/gadgetslab.de\/","logo":{"@type":"ImageObject","inLanguage":"en-US","@id":"https:\/\/gadgetslab.de\/#\/schema\/logo\/image\/","url":"https:\/\/gadgetslab.de\/wp-content\/uploads\/2024\/01\/cropped-657465ec37c3869e4634b7cad8383bf8.png","contentUrl":"https:\/\/gadgetslab.de\/wp-content\/uploads\/2024\/01\/cropped-657465ec37c3869e4634b7cad8383bf8.png","width":311,"height":251,"caption":"Gadgetslab DE"},"image":{"@id":"https:\/\/gadgetslab.de\/#\/schema\/logo\/image\/"}}]}},"featured_image_src_large":false,"author_info":{"display_name":"Gadget-Tester","author_link":"https:\/\/gadgetslab.de\/index.php\/author\/gadget-tester\/"},"comment_info":0,"taxonomy_info":[],"_links":{"self":[{"href":"https:\/\/gadgetslab.de\/index.php\/wp-json\/wp\/v2\/pages\/21"}],"collection":[{"href":"https:\/\/gadgetslab.de\/index.php\/wp-json\/wp\/v2\/pages"}],"about":[{"href":"https:\/\/gadgetslab.de\/index.php\/wp-json\/wp\/v2\/types\/page"}],"author":[{"embeddable":true,"href":"https:\/\/gadgetslab.de\/index.php\/wp-json\/wp\/v2\/users\/1"}],"replies":[{"embeddable":true,"href":"https:\/\/gadgetslab.de\/index.php\/wp-json\/wp\/v2\/comments?post=21"}],"version-history":[{"count":2,"href":"https:\/\/gadgetslab.de\/index.php\/wp-json\/wp\/v2\/pages\/21\/revisions"}],"predecessor-version":[{"id":30,"href":"https:\/\/gadgetslab.de\/index.php\/wp-json\/wp\/v2\/pages\/21\/revisions\/30"}],"wp:attachment":[{"href":"https:\/\/gadgetslab.de\/index.php\/wp-json\/wp\/v2\/media?parent=21"}],"curies":[{"name":"wp","href":"https:\/\/api.w.org\/{rel}","templated":true}]}}